{"id":537,"date":"2023-12-11T21:18:57","date_gmt":"2023-12-11T21:18:57","guid":{"rendered":"https:\/\/smartcriacao.com\/gugudada\/atividades-2\/"},"modified":"2025-06-06T15:16:11","modified_gmt":"2025-06-06T14:16:11","slug":"energies-atividades","status":"publish","type":"page","link":"https:\/\/petrodin.com\/pt-br\/energies-atividades\/","title":{"rendered":"ATIVIDADES"},"content":{"rendered":"\t\t<div data-elementor-type=\"wp-page\" data-elementor-id=\"537\" class=\"elementor elementor-537 elementor-528\" data-elementor-post-type=\"page\">\n\t\t\t\t<div class=\"elementor-element elementor-element-832614e e-flex e-con-boxed e-con e-parent\" data-id=\"832614e\" data-element_type=\"container\" data-settings=\"{&quot;background_background&quot;:&quot;classic&quot;,&quot;jet_parallax_layout_list&quot;:[]}\">\n\t\t\t\t\t<div class=\"e-con-inner\">\n\t\t<div class=\"elementor-element elementor-element-65b97ae1 e-con-full e-flex e-con e-child\" data-id=\"65b97ae1\" data-element_type=\"container\" data-settings=\"{&quot;background_background&quot;:&quot;classic&quot;,&quot;jet_parallax_layout_list&quot;:[]}\">\n\t\t<div class=\"elementor-element elementor-element-454bb718 elementor-hidden-desktop elementor-hidden-tablet e-flex e-con-boxed e-con e-child\" data-id=\"454bb718\" data-element_type=\"container\" data-settings=\"{&quot;jet_parallax_layout_list&quot;:[]}\">\n\t\t\t\t\t<div class=\"e-con-inner\">\n\t\t\t\t<div class=\"elementor-element elementor-element-1a52b29d elementor-widget__width-initial elementor-hidden-tablet elementor-hidden-desktop elementor-widget elementor-widget-image\" data-id=\"1a52b29d\" data-element_type=\"widget\" data-widget_type=\"image.default\">\n\t\t\t\t<div class=\"elementor-widget-container\">\n\t\t\t\t\t\t\t\t\t\t\t\t\t\t\t\t<a href=\"https:\/\/petrodin.com\/pt-br\/energies-atividades\/\">\n\t\t\t\t\t\t\t<img decoding=\"async\" width=\"209\" height=\"211\" src=\"https:\/\/petrodin.com\/wp-content\/uploads\/2023\/12\/image010.png\" class=\"elementor-animation-float attachment-medium size-medium wp-image-76\" alt=\"\" srcset=\"https:\/\/petrodin.com\/wp-content\/uploads\/2023\/12\/image010.png 209w, https:\/\/petrodin.com\/wp-content\/uploads\/2023\/12\/image010-150x150.png 150w\" sizes=\"(max-width: 209px) 100vw, 209px\" \/>\t\t\t\t\t\t\t\t<\/a>\n\t\t\t\t\t\t\t\t\t\t\t\t\t\t\t<\/div>\n\t\t\t\t<\/div>\n\t\t<div class=\"elementor-element elementor-element-6c700a9 e-flex e-con-boxed e-con e-child\" data-id=\"6c700a9\" data-element_type=\"container\" data-settings=\"{&quot;background_background&quot;:&quot;classic&quot;,&quot;jet_parallax_layout_list&quot;:[]}\">\n\t\t\t\t\t<div class=\"e-con-inner\">\n\t\t\t\t<div class=\"elementor-element elementor-element-126759 elementor-widget-mobile__width-initial elementor-hidden-desktop elementor-widget elementor-widget-shortcode\" data-id=\"126759\" data-element_type=\"widget\" data-widget_type=\"shortcode.default\">\n\t\t\t\t<div class=\"elementor-widget-container\">\n\t\t\t\t\t\t\t<div class=\"elementor-shortcode\">\n<div class=\"wpml-ls-statics-shortcode_actions wpml-ls wpml-ls-legacy-list-horizontal\">\n\t<ul><li class=\"wpml-ls-slot-shortcode_actions wpml-ls-item wpml-ls-item-en wpml-ls-first-item wpml-ls-item-legacy-list-horizontal\">\n\t\t\t\t<a href=\"https:\/\/petrodin.com\" class=\"wpml-ls-link\">\n                                                        <img decoding=\"async\"\n            class=\"wpml-ls-flag\"\n            src=\"https:\/\/petrodin.com\/wp-content\/plugins\/sitepress-multilingual-cms\/res\/flags\/en.svg\"\n            alt=\"Ingl\u00eas\"\n            width=51\n            height=47\n    \/><\/a>\n\t\t\t<\/li><li class=\"wpml-ls-slot-shortcode_actions wpml-ls-item wpml-ls-item-pt-br wpml-ls-current-language wpml-ls-last-item wpml-ls-item-legacy-list-horizontal\">\n\t\t\t\t<a href=\"https:\/\/petrodin.com\/pt-br\/\" class=\"wpml-ls-link\">\n                                                        <img decoding=\"async\"\n            class=\"wpml-ls-flag\"\n            src=\"https:\/\/petrodin.com\/wp-content\/plugins\/sitepress-multilingual-cms\/res\/flags\/pt-br.svg\"\n            alt=\"Portugu\u00eas\"\n            width=51\n            height=47\n    \/><\/a>\n\t\t\t<\/li><\/ul>\n<\/div>\n<\/div>\n\t\t\t\t\t\t<\/div>\n\t\t\t\t<\/div>\n\t\t\t\t<div class=\"elementor-element elementor-element-4e7e34b1 elementor-list-item-link-inline elementor-tablet-align-right elementor-mobile-align-center elementor-widget-tablet__width-initial elementor-widget-mobile__width-initial elementor-icon-list--layout-traditional elementor-widget elementor-widget-icon-list\" data-id=\"4e7e34b1\" data-element_type=\"widget\" data-widget_type=\"icon-list.default\">\n\t\t\t\t<div class=\"elementor-widget-container\">\n\t\t\t\t\t\t\t<ul class=\"elementor-icon-list-items\">\n\t\t\t\t\t\t\t<li class=\"elementor-icon-list-item\">\n\t\t\t\t\t\t\t\t\t\t\t<a href=\"#elementor-action%3Aaction%3Dpopup%3Aopen%26settings%3DeyJpZCI6Mzc2LCJ0b2dnbGUiOmZhbHNlfQ%3D%3D\">\n\n\t\t\t\t\t\t\t\t\t\t\t\t<span class=\"elementor-icon-list-icon\">\n\t\t\t\t\t\t\t<svg aria-hidden=\"true\" class=\"e-font-icon-svg e-fas-list\" viewBox=\"0 0 512 512\" xmlns=\"http:\/\/www.w3.org\/2000\/svg\"><path d=\"M80 368H16a16 16 0 0 0-16 16v64a16 16 0 0 0 16 16h64a16 16 0 0 0 16-16v-64a16 16 0 0 0-16-16zm0-320H16A16 16 0 0 0 0 64v64a16 16 0 0 0 16 16h64a16 16 0 0 0 16-16V64a16 16 0 0 0-16-16zm0 160H16a16 16 0 0 0-16 16v64a16 16 0 0 0 16 16h64a16 16 0 0 0 16-16v-64a16 16 0 0 0-16-16zm416 176H176a16 16 0 0 0-16 16v32a16 16 0 0 0 16 16h320a16 16 0 0 0 16-16v-32a16 16 0 0 0-16-16zm0-320H176a16 16 0 0 0-16 16v32a16 16 0 0 0 16 16h320a16 16 0 0 0 16-16V80a16 16 0 0 0-16-16zm0 160H176a16 16 0 0 0-16 16v32a16 16 0 0 0 16 16h320a16 16 0 0 0 16-16v-32a16 16 0 0 0-16-16z\"><\/path><\/svg>\t\t\t\t\t\t<\/span>\n\t\t\t\t\t\t\t\t\t\t<span class=\"elementor-icon-list-text\">MENU<\/span>\n\t\t\t\t\t\t\t\t\t\t\t<\/a>\n\t\t\t\t\t\t\t\t\t<\/li>\n\t\t\t\t\t\t<\/ul>\n\t\t\t\t\t\t<\/div>\n\t\t\t\t<\/div>\n\t\t\t\t\t<\/div>\n\t\t\t\t<\/div>\n\t\t\t\t\t<\/div>\n\t\t\t\t<\/div>\n\t\t<div class=\"elementor-element elementor-element-120d6f29 e-con-full elementor-hidden-mobile e-flex e-con e-child\" data-id=\"120d6f29\" data-element_type=\"container\" data-settings=\"{&quot;jet_parallax_layout_list&quot;:[]}\">\n\t\t\t\t<div class=\"elementor-element elementor-element-83e902 elementor-widget__width-initial elementor-hidden-mobile elementor-widget elementor-widget-image\" data-id=\"83e902\" data-element_type=\"widget\" data-widget_type=\"image.default\">\n\t\t\t\t<div class=\"elementor-widget-container\">\n\t\t\t\t\t\t\t\t\t\t\t\t\t\t\t\t<a href=\"https:\/\/petrodin.com\/pt-br\/atividades\/\">\n\t\t\t\t\t\t\t<img decoding=\"async\" width=\"209\" height=\"211\" src=\"https:\/\/petrodin.com\/wp-content\/uploads\/2023\/12\/image010.png\" class=\"elementor-animation-float attachment-medium_large size-medium_large wp-image-76\" alt=\"\" srcset=\"https:\/\/petrodin.com\/wp-content\/uploads\/2023\/12\/image010.png 209w, https:\/\/petrodin.com\/wp-content\/uploads\/2023\/12\/image010-150x150.png 150w\" sizes=\"(max-width: 209px) 100vw, 209px\" \/>\t\t\t\t\t\t\t\t<\/a>\n\t\t\t\t\t\t\t\t\t\t\t\t\t\t\t<\/div>\n\t\t\t\t<\/div>\n\t\t\t\t<div class=\"elementor-element elementor-element-abd7df7 elementor-widget__width-initial elementor-hidden-mobile elementor-widget elementor-widget-heading\" data-id=\"abd7df7\" data-element_type=\"widget\" data-widget_type=\"heading.default\">\n\t\t\t\t<div class=\"elementor-widget-container\">\n\t\t\t\t\t<h2 class=\"elementor-heading-title elementor-size-default\"><a href=\"https:\/\/petrodin.com\/pt-br\/\">PETRODIN<\/a><\/h2>\t\t\t\t<\/div>\n\t\t\t\t<\/div>\n\t\t\t\t<div class=\"elementor-element elementor-element-54d8d7a0 elementor-widget-mobile__width-initial elementor-widget__width-initial elementor-widget elementor-widget-shortcode\" data-id=\"54d8d7a0\" data-element_type=\"widget\" data-widget_type=\"shortcode.default\">\n\t\t\t\t<div class=\"elementor-widget-container\">\n\t\t\t\t\t\t\t<div class=\"elementor-shortcode\">\n<div class=\"wpml-ls-statics-shortcode_actions wpml-ls wpml-ls-legacy-list-horizontal\">\n\t<ul><li class=\"wpml-ls-slot-shortcode_actions wpml-ls-item wpml-ls-item-en wpml-ls-first-item wpml-ls-item-legacy-list-horizontal\">\n\t\t\t\t<a href=\"https:\/\/petrodin.com\" class=\"wpml-ls-link\">\n                                                        <img decoding=\"async\"\n            class=\"wpml-ls-flag\"\n            src=\"https:\/\/petrodin.com\/wp-content\/plugins\/sitepress-multilingual-cms\/res\/flags\/en.svg\"\n            alt=\"Ingl\u00eas\"\n            width=51\n            height=47\n    \/><\/a>\n\t\t\t<\/li><li class=\"wpml-ls-slot-shortcode_actions wpml-ls-item wpml-ls-item-pt-br wpml-ls-current-language wpml-ls-last-item wpml-ls-item-legacy-list-horizontal\">\n\t\t\t\t<a href=\"https:\/\/petrodin.com\/pt-br\/\" class=\"wpml-ls-link\">\n                                                        <img decoding=\"async\"\n            class=\"wpml-ls-flag\"\n            src=\"https:\/\/petrodin.com\/wp-content\/plugins\/sitepress-multilingual-cms\/res\/flags\/pt-br.svg\"\n            alt=\"Portugu\u00eas\"\n            width=51\n            height=47\n    \/><\/a>\n\t\t\t<\/li><\/ul>\n<\/div>\n<\/div>\n\t\t\t\t\t\t<\/div>\n\t\t\t\t<\/div>\n\t\t\t\t<\/div>\n\t\t\t\t<\/div>\n\t\t\t\t<div class=\"elementor-element elementor-element-42dae7ea elementor-nav-menu__align-center elementor-hidden-mobile elementor-nav-menu--dropdown-mobile elementor-nav-menu__text-align-aside elementor-nav-menu--toggle elementor-nav-menu--burger elementor-widget elementor-widget-nav-menu\" data-id=\"42dae7ea\" data-element_type=\"widget\" data-settings=\"{&quot;layout&quot;:&quot;horizontal&quot;,&quot;submenu_icon&quot;:{&quot;value&quot;:&quot;&lt;svg class=\\&quot;e-font-icon-svg e-fas-caret-down\\&quot; viewBox=\\&quot;0 0 320 512\\&quot; xmlns=\\&quot;http:\\\/\\\/www.w3.org\\\/2000\\\/svg\\&quot;&gt;&lt;path d=\\&quot;M31.3 192h257.3c17.8 0 26.7 21.5 14.1 34.1L174.1 354.8c-7.8 7.8-20.5 7.8-28.3 0L17.2 226.1C4.6 213.5 13.5 192 31.3 192z\\&quot;&gt;&lt;\\\/path&gt;&lt;\\\/svg&gt;&quot;,&quot;library&quot;:&quot;fa-solid&quot;},&quot;toggle&quot;:&quot;burger&quot;}\" data-widget_type=\"nav-menu.default\">\n\t\t\t\t<div class=\"elementor-widget-container\">\n\t\t\t\t\t\t\t\t<nav aria-label=\"Menu\" class=\"elementor-nav-menu--main elementor-nav-menu__container elementor-nav-menu--layout-horizontal e--pointer-none\">\n\t\t\t\t<ul id=\"menu-1-42dae7ea\" class=\"elementor-nav-menu\"><li class=\"menu-item menu-item-type-post_type menu-item-object-page menu-item-home menu-item-457\"><a href=\"https:\/\/petrodin.com\/home\/\" class=\"elementor-item\">Home<\/a><\/li>\n<li class=\"menu-item menu-item-type-post_type menu-item-object-page menu-item-458\"><a href=\"https:\/\/petrodin.com\/who-we-are\/\" class=\"elementor-item\">QUEM SOMOS<\/a><\/li>\n<li class=\"menu-item menu-item-type-custom menu-item-object-custom menu-item-has-children menu-item-1111\"><a href=\"https:\/\/petrodin.com\/energia-hibrida\/activities\/\" class=\"elementor-item\">PETRODIN ENERGIA H\u00cdBRIDA<\/a>\n<ul class=\"sub-menu elementor-nav-menu--dropdown\">\n\t<li class=\"menu-item menu-item-type-post_type menu-item-object-page menu-item-505\"><a href=\"https:\/\/petrodin.com\/energia-hibrida\/activities\/\" class=\"elementor-sub-item\">ATIVIDADES<\/a><\/li>\n\t<li class=\"menu-item menu-item-type-post_type menu-item-object-page menu-item-519\"><a href=\"https:\/\/petrodin.com\/energia-hibrida\/innovative-technologies\/\" class=\"elementor-sub-item\">INOVA\u00c7\u00d5ES<\/a><\/li>\n<\/ul>\n<\/li>\n<li class=\"menu-item menu-item-type-custom menu-item-object-custom menu-item-has-children menu-item-1112\"><a href=\"https:\/\/petrodin.com\/energies\/activities\/\" class=\"elementor-item\">PETRODIN ENERGIES<\/a>\n<ul class=\"sub-menu elementor-nav-menu--dropdown\">\n\t<li class=\"menu-item menu-item-type-post_type menu-item-object-page menu-item-539\"><a href=\"https:\/\/petrodin.com\/energies\/activities\/\" class=\"elementor-sub-item\">ATIVIDADES<\/a><\/li>\n\t<li class=\"menu-item menu-item-type-post_type menu-item-object-page menu-item-557\"><a href=\"https:\/\/petrodin.com\/energies\/innovative-technologies\/\" class=\"elementor-sub-item\">INOVA\u00c7\u00d5ES<\/a><\/li>\n<\/ul>\n<\/li>\n<li class=\"menu-item menu-item-type-post_type menu-item-object-page menu-item-488\"><a href=\"https:\/\/petrodin.com\/contact-us\/\" class=\"elementor-item\">CONTATO<\/a><\/li>\n<li class=\"menu-item menu-item-type-post_type menu-item-object-page menu-item-677\"><a href=\"https:\/\/petrodin.com\/digital-library\/\" class=\"elementor-item\">PORTAL DO CLIENTE<\/a><\/li>\n<\/ul>\t\t\t<\/nav>\n\t\t\t\t\t<div class=\"elementor-menu-toggle\" role=\"button\" tabindex=\"0\" aria-label=\"Menu Toggle\" aria-expanded=\"false\">\n\t\t\t<svg aria-hidden=\"true\" role=\"presentation\" class=\"elementor-menu-toggle__icon--open e-font-icon-svg e-eicon-menu-bar\" viewBox=\"0 0 1000 1000\" xmlns=\"http:\/\/www.w3.org\/2000\/svg\"><path d=\"M104 333H896C929 333 958 304 958 271S929 208 896 208H104C71 208 42 237 42 271S71 333 104 333ZM104 583H896C929 583 958 554 958 521S929 458 896 458H104C71 458 42 487 42 521S71 583 104 583ZM104 833H896C929 833 958 804 958 771S929 708 896 708H104C71 708 42 737 42 771S71 833 104 833Z\"><\/path><\/svg><svg aria-hidden=\"true\" role=\"presentation\" class=\"elementor-menu-toggle__icon--close e-font-icon-svg e-eicon-close\" viewBox=\"0 0 1000 1000\" xmlns=\"http:\/\/www.w3.org\/2000\/svg\"><path d=\"M742 167L500 408 258 167C246 154 233 150 217 150 196 150 179 158 167 167 154 179 150 196 150 212 150 229 154 242 171 254L408 500 167 742C138 771 138 800 167 829 196 858 225 858 254 829L496 587 738 829C750 842 767 846 783 846 800 846 817 842 829 829 842 817 846 804 846 783 846 767 842 750 829 737L588 500 833 258C863 229 863 200 833 171 804 137 775 137 742 167Z\"><\/path><\/svg>\t\t<\/div>\n\t\t\t\t\t<nav class=\"elementor-nav-menu--dropdown elementor-nav-menu__container\" aria-hidden=\"true\">\n\t\t\t\t<ul id=\"menu-2-42dae7ea\" class=\"elementor-nav-menu\"><li class=\"menu-item menu-item-type-post_type menu-item-object-page menu-item-home menu-item-457\"><a href=\"https:\/\/petrodin.com\/home\/\" class=\"elementor-item\" tabindex=\"-1\">Home<\/a><\/li>\n<li class=\"menu-item menu-item-type-post_type menu-item-object-page menu-item-458\"><a href=\"https:\/\/petrodin.com\/who-we-are\/\" class=\"elementor-item\" tabindex=\"-1\">QUEM SOMOS<\/a><\/li>\n<li class=\"menu-item menu-item-type-custom menu-item-object-custom menu-item-has-children menu-item-1111\"><a href=\"https:\/\/petrodin.com\/energia-hibrida\/activities\/\" class=\"elementor-item\" tabindex=\"-1\">PETRODIN ENERGIA H\u00cdBRIDA<\/a>\n<ul class=\"sub-menu elementor-nav-menu--dropdown\">\n\t<li class=\"menu-item menu-item-type-post_type menu-item-object-page menu-item-505\"><a href=\"https:\/\/petrodin.com\/energia-hibrida\/activities\/\" class=\"elementor-sub-item\" tabindex=\"-1\">ATIVIDADES<\/a><\/li>\n\t<li class=\"menu-item menu-item-type-post_type menu-item-object-page menu-item-519\"><a href=\"https:\/\/petrodin.com\/energia-hibrida\/innovative-technologies\/\" class=\"elementor-sub-item\" tabindex=\"-1\">INOVA\u00c7\u00d5ES<\/a><\/li>\n<\/ul>\n<\/li>\n<li class=\"menu-item menu-item-type-custom menu-item-object-custom menu-item-has-children menu-item-1112\"><a href=\"https:\/\/petrodin.com\/energies\/activities\/\" class=\"elementor-item\" tabindex=\"-1\">PETRODIN ENERGIES<\/a>\n<ul class=\"sub-menu elementor-nav-menu--dropdown\">\n\t<li class=\"menu-item menu-item-type-post_type menu-item-object-page menu-item-539\"><a href=\"https:\/\/petrodin.com\/energies\/activities\/\" class=\"elementor-sub-item\" tabindex=\"-1\">ATIVIDADES<\/a><\/li>\n\t<li class=\"menu-item menu-item-type-post_type menu-item-object-page menu-item-557\"><a href=\"https:\/\/petrodin.com\/energies\/innovative-technologies\/\" class=\"elementor-sub-item\" tabindex=\"-1\">INOVA\u00c7\u00d5ES<\/a><\/li>\n<\/ul>\n<\/li>\n<li class=\"menu-item menu-item-type-post_type menu-item-object-page menu-item-488\"><a href=\"https:\/\/petrodin.com\/contact-us\/\" class=\"elementor-item\" tabindex=\"-1\">CONTATO<\/a><\/li>\n<li class=\"menu-item menu-item-type-post_type menu-item-object-page menu-item-677\"><a href=\"https:\/\/petrodin.com\/digital-library\/\" class=\"elementor-item\" tabindex=\"-1\">PORTAL DO CLIENTE<\/a><\/li>\n<\/ul>\t\t\t<\/nav>\n\t\t\t\t\t\t<\/div>\n\t\t\t\t<\/div>\n\t\t<div class=\"elementor-element elementor-element-28f26e29 e-flex e-con-boxed e-con e-child\" data-id=\"28f26e29\" data-element_type=\"container\" data-settings=\"{&quot;background_background&quot;:&quot;classic&quot;,&quot;jet_parallax_layout_list&quot;:[]}\">\n\t\t\t\t\t<div class=\"e-con-inner\">\n\t\t\t\t<div class=\"elementor-element elementor-element-3ba704ff elementor-widget elementor-widget-text-editor\" data-id=\"3ba704ff\" data-element_type=\"widget\" data-widget_type=\"text-editor.default\">\n\t\t\t\t<div class=\"elementor-widget-container\">\n\t\t\t\t\t\t\t\t\t<p style=\"background-image: initial; background-position: initial; background-size: initial; background-repeat: initial; background-attachment: initial; background-origin: initial; background-clip: initial;\"><span style=\"font-size: 9pt; font-family: Roboto;\">A&nbsp;<\/span><b><span style=\"font-size: 9.0pt; font-family: Roboto; color: black; mso-color-alt: windowtext;\">PETRODIN ENERGIES<\/span><\/b><span style=\"font-size: 9pt; font-family: Roboto;\">&nbsp;foi recentemente&nbsp;constitu\u00edda em 2023 na Nam\u00edbia e \u00e9 uma continua\u00e7\u00e3o de uma riqueza de diversos&nbsp;hist\u00f3ricos comprovados desde 1990, quando a afiliada Petrodin Energia H\u00edbrida&nbsp;foi estabelecida no Brasil. Assumimos os desafios que a redu\u00e7\u00e3o e, em \u00faltima&nbsp;an\u00e1lise, a elimina\u00e7\u00e3o das emiss\u00f5es nocivas dos navios exigem.<\/span><\/p>\n<p style=\"background-image: initial; background-position: initial; background-size: initial; background-repeat: initial; background-attachment: initial; background-origin: initial; background-clip: initial;\"><span style=\"font-size: 9pt; font-family: Roboto;\">A&nbsp;<\/span><b><span style=\"font-size: 9.0pt; font-family: Roboto; color: black; mso-color-alt: windowtext;\">PETRODIN&nbsp;ENERGIES<\/span><\/b><span style=\"font-size: 9pt; font-family: Roboto;\">&nbsp;atua&nbsp;na preserva\u00e7\u00e3o e melhoria ambiental, neste processo a identifica\u00e7\u00e3o de solu\u00e7\u00f5es&nbsp;pr\u00e1ticas e proativas para reduzir os impactos ambientais no desenvolvimento de&nbsp;novos conceitos e embarca\u00e7\u00f5es sustent\u00e1veis.&nbsp;Estamos&nbsp;engajados no desenvolvimento de Light Construction Vessel&nbsp;(LCV)&nbsp;sustent\u00e1veis com base em recursos inovadores de constru\u00e7\u00e3o submarina&nbsp;de dupla&nbsp;atividade para opera\u00e7\u00f5es em \u00e1guas ultraprofundas e condi\u00e7\u00f5es&nbsp;ambientais&nbsp;exigentes.&nbsp;<\/span><font face=\"Roboto\"><span style=\"font-size: 12px;\">Estamos nos preparando para oferecer ao mercado Embarca\u00e7\u00f5es de Opera\u00e7\u00e3o de Servi\u00e7os (SOV) multiprop\u00f3sito.<\/span><\/font><\/p>\n<p style=\"background-image: initial; background-position: initial; background-size: initial; background-repeat: initial; background-attachment: initial; background-origin: initial; background-clip: initial;\"><span style=\"font-size: 9pt; font-family: Roboto;\">A&nbsp;<\/span><b><span style=\"font-size: 9.0pt; font-family: Roboto; color: black; mso-color-alt: windowtext;\">PETRODIN&nbsp;ENERGIES<\/span><\/b><span style=\"font-size: 9pt; font-family: Roboto;\">&nbsp;est\u00e1&nbsp;ativamente buscando oportunidades de perfura\u00e7\u00e3o offshore na Nam\u00edbia e na \u00c1frica&nbsp;Ocidental\/Sudoeste, em profundidades m\u00e9dias de \u00e1gua al\u00e9m das capacidades das<br>plataformas autoelevat\u00f3rias para preencher a lacuna entre essas plataformas e&nbsp;as plataformas de perfura\u00e7\u00e3o DP em \u00e1guas profundas.<\/span><\/p>\n<p style=\"background-image: initial; background-position: initial; background-size: initial; background-repeat: initial; background-attachment: initial; background-origin: initial; background-clip: initial;\"><span style=\"font-size: 9pt; font-family: Roboto;\">A&nbsp;<\/span><b><span style=\"font-size: 9.0pt; font-family: Roboto; color: black; mso-color-alt: windowtext;\">PETRODIN&nbsp;ENERGIES<\/span><\/b><span style=\"font-size: 9pt; font-family: Roboto;\">&nbsp;tem&nbsp;um conceito para o primeiro teste de po\u00e7o de petr\u00f3leo e g\u00e1s, com continua\u00e7\u00e3o&nbsp;para a produ\u00e7\u00e3o inicial para avaliar um reservat\u00f3rio e planejar a produ\u00e7\u00e3o de&nbsp;forma faseada.<\/span><\/p>\n<p style=\"background-image: initial; background-position: initial; background-size: initial; background-repeat: initial; background-attachment: initial; background-origin: initial; background-clip: initial;\"><span style=\"font-size: 9pt; font-family: Roboto;\">A<\/span><b><span style=\"font-size: 9.0pt; font-family: Roboto; color: black; mso-color-alt: windowtext;\">&nbsp;PETRODIN&nbsp;ENERGIES<\/span><\/b><span style=\"font-size: 9pt; font-family: Roboto;\">&nbsp;possui&nbsp;um conceito de barca\u00e7a para o carregamento e transporte de g\u00e1s natural&nbsp;comprimido produzido offshore, quando a dist\u00e2ncia do reservat\u00f3rio at\u00e9 as&nbsp;instala\u00e7\u00f5es portu\u00e1rias para entrega de g\u00e1s natural aos consumidores \u00e9 curta,&nbsp;n\u00e3o h\u00e1 gasoduto e a liquefa\u00e7\u00e3o do g\u00e1s com regaseifica\u00e7\u00e3o n\u00e3o \u00e9 financeiramente&nbsp;vi\u00e1vel.&nbsp;<\/span><\/p>\n<p><span style=\"font-size: 9pt; line-height: 120%; font-family: Roboto;\">&nbsp;<\/span><\/p>\t\t\t\t\t\t\t\t<\/div>\n\t\t\t\t<\/div>\n\t\t\t\t<div class=\"elementor-element elementor-element-df6d255 elementor-widget elementor-widget-image\" data-id=\"df6d255\" data-element_type=\"widget\" data-widget_type=\"image.default\">\n\t\t\t\t<div class=\"elementor-widget-container\">\n\t\t\t\t\t\t\t\t\t\t\t\t\t\t\t\t<a href=\"https:\/\/petrodin.com\/wp-content\/uploads\/2024\/01\/IADC2024.png\" data-elementor-open-lightbox=\"yes\" data-e-action-hash=\"#elementor-action%3Aaction%3Dlightbox%26settings%3DeyJpZCI6MTM3NCwidXJsIjoiaHR0cHM6XC9cL3BldHJvZGluLmNvbVwvd3AtY29udGVudFwvdXBsb2Fkc1wvMjAyNFwvMDFcL0lBREMyMDI0LnBuZyJ9\">\n\t\t\t\t\t\t\t<img fetchpriority=\"high\" decoding=\"async\" width=\"628\" height=\"834\" src=\"https:\/\/petrodin.com\/wp-content\/uploads\/2024\/01\/IADC2024.png\" class=\"attachment-large size-large wp-image-1374\" alt=\"\" srcset=\"https:\/\/petrodin.com\/wp-content\/uploads\/2024\/01\/IADC2024.png 628w, https:\/\/petrodin.com\/wp-content\/uploads\/2024\/01\/IADC2024-226x300.png 226w\" sizes=\"(max-width: 628px) 100vw, 628px\" \/>\t\t\t\t\t\t\t\t<\/a>\n\t\t\t\t\t\t\t\t\t\t\t\t\t\t\t<\/div>\n\t\t\t\t<\/div>\n\t\t\t\t<div class=\"elementor-element elementor-element-39002a35 elementor-widget-divider--view-line elementor-widget elementor-widget-divider\" data-id=\"39002a35\" data-element_type=\"widget\" data-widget_type=\"divider.default\">\n\t\t\t\t<div class=\"elementor-widget-container\">\n\t\t\t\t\t\t\t<div class=\"elementor-divider\">\n\t\t\t<span class=\"elementor-divider-separator\">\n\t\t\t\t\t\t<\/span>\n\t\t<\/div>\n\t\t\t\t\t\t<\/div>\n\t\t\t\t<\/div>\n\t\t\t\t<div class=\"elementor-element elementor-element-6accc38b elementor-widget elementor-widget-heading\" data-id=\"6accc38b\" data-element_type=\"widget\" data-widget_type=\"heading.default\">\n\t\t\t\t<div class=\"elementor-widget-container\">\n\t\t\t\t\t<h2 class=\"elementor-heading-title elementor-size-default\">\u00a9 Copyright 2023 \u2502Todos os direitos reservados.<\/h2>\t\t\t\t<\/div>\n\t\t\t\t<\/div>\n\t\t\t\t\t<\/div>\n\t\t\t\t<\/div>\n\t\t\t\t\t<\/div>\n\t\t\t\t<\/div>\n\t\t\t\t<\/div>\n\t\t","protected":false},"excerpt":{"rendered":"<p>MENU PETRODIN A&nbsp;PETRODIN ENERGIES&nbsp;foi recentemente&nbsp;constitu\u00edda em 2023 na Nam\u00edbia e \u00e9 uma continua\u00e7\u00e3o de uma riqueza de diversos&nbsp;hist\u00f3ricos comprovados desde 1990, quando a afiliada Petrodin Energia H\u00edbrida&nbsp;foi estabelecida no Brasil. Assumimos os desafios que a redu\u00e7\u00e3o e, em \u00faltima&nbsp;an\u00e1lise, a elimina\u00e7\u00e3o das emiss\u00f5es nocivas dos navios exigem. A&nbsp;PETRODIN&nbsp;ENERGIES&nbsp;atua&nbsp;na preserva\u00e7\u00e3o e melhoria ambiental, neste processo a [&hellip;]<\/p>\n","protected":false},"author":30,"featured_media":0,"parent":0,"menu_order":0,"comment_status":"closed","ping_status":"closed","template":"elementor_canvas","meta":{"footnotes":""},"class_list":["post-537","page","type-page","status-publish","hentry"],"aioseo_notices":[],"_links":{"self":[{"href":"https:\/\/petrodin.com\/pt-br\/wp-json\/wp\/v2\/pages\/537","targetHints":{"allow":["GET"]}}],"collection":[{"href":"https:\/\/petrodin.com\/pt-br\/wp-json\/wp\/v2\/pages"}],"about":[{"href":"https:\/\/petrodin.com\/pt-br\/wp-json\/wp\/v2\/types\/page"}],"author":[{"embeddable":true,"href":"https:\/\/petrodin.com\/pt-br\/wp-json\/wp\/v2\/users\/30"}],"replies":[{"embeddable":true,"href":"https:\/\/petrodin.com\/pt-br\/wp-json\/wp\/v2\/comments?post=537"}],"version-history":[{"count":0,"href":"https:\/\/petrodin.com\/pt-br\/wp-json\/wp\/v2\/pages\/537\/revisions"}],"wp:attachment":[{"href":"https:\/\/petrodin.com\/pt-br\/wp-json\/wp\/v2\/media?parent=537"}],"curies":[{"name":"wp","href":"https:\/\/api.w.org\/{rel}","templated":true}]}}