{"id":503,"date":"2023-12-11T20:38:25","date_gmt":"2023-12-11T20:38:25","guid":{"rendered":"https:\/\/smartcriacao.com\/gugudada\/atividades\/"},"modified":"2026-03-24T14:53:11","modified_gmt":"2026-03-24T14:53:11","slug":"atividades","status":"publish","type":"page","link":"https:\/\/petrodin.com\/pt-br\/atividades\/","title":{"rendered":"ATIVIDADES"},"content":{"rendered":"\t\t<div data-elementor-type=\"wp-page\" data-elementor-id=\"503\" class=\"elementor elementor-503 elementor-494\" data-elementor-post-type=\"page\">\n\t\t\t\t<div class=\"elementor-element elementor-element-6dcae45 e-flex e-con-boxed e-con e-parent\" data-id=\"6dcae45\" data-element_type=\"container\" data-settings=\"{&quot;background_background&quot;:&quot;classic&quot;,&quot;jet_parallax_layout_list&quot;:[]}\">\n\t\t\t\t\t<div class=\"e-con-inner\">\n\t\t<div class=\"elementor-element elementor-element-4ecdcda1 e-con-full e-flex e-con e-child\" data-id=\"4ecdcda1\" data-element_type=\"container\" data-settings=\"{&quot;background_background&quot;:&quot;classic&quot;,&quot;jet_parallax_layout_list&quot;:[]}\">\n\t\t<div class=\"elementor-element elementor-element-394b1fdd elementor-hidden-desktop elementor-hidden-tablet e-flex e-con-boxed e-con e-child\" data-id=\"394b1fdd\" data-element_type=\"container\" data-settings=\"{&quot;jet_parallax_layout_list&quot;:[]}\">\n\t\t\t\t\t<div class=\"e-con-inner\">\n\t\t\t\t<div class=\"elementor-element elementor-element-62413b5b elementor-widget__width-initial elementor-hidden-tablet elementor-hidden-desktop elementor-widget elementor-widget-image\" data-id=\"62413b5b\" data-element_type=\"widget\" data-widget_type=\"image.default\">\n\t\t\t\t<div class=\"elementor-widget-container\">\n\t\t\t\t\t\t\t\t\t\t\t\t\t\t\t\t<a href=\"https:\/\/petrodin.com\/pt-br\/atividades\/\">\n\t\t\t\t\t\t\t<img decoding=\"async\" width=\"209\" height=\"210\" src=\"https:\/\/petrodin.com\/wp-content\/uploads\/2023\/12\/image008.png\" class=\"elementor-animation-float attachment-medium size-medium wp-image-74\" alt=\"\" srcset=\"https:\/\/petrodin.com\/wp-content\/uploads\/2023\/12\/image008.png 209w, https:\/\/petrodin.com\/wp-content\/uploads\/2023\/12\/image008-150x150.png 150w\" sizes=\"(max-width: 209px) 100vw, 209px\" \/>\t\t\t\t\t\t\t\t<\/a>\n\t\t\t\t\t\t\t\t\t\t\t\t\t\t\t<\/div>\n\t\t\t\t<\/div>\n\t\t<div class=\"elementor-element elementor-element-4bb38003 e-flex e-con-boxed e-con e-child\" data-id=\"4bb38003\" data-element_type=\"container\" data-settings=\"{&quot;background_background&quot;:&quot;classic&quot;,&quot;jet_parallax_layout_list&quot;:[]}\">\n\t\t\t\t\t<div class=\"e-con-inner\">\n\t\t\t\t<div class=\"elementor-element elementor-element-1e306535 elementor-widget-mobile__width-initial elementor-hidden-desktop elementor-widget elementor-widget-shortcode\" data-id=\"1e306535\" data-element_type=\"widget\" data-widget_type=\"shortcode.default\">\n\t\t\t\t<div class=\"elementor-widget-container\">\n\t\t\t\t\t\t\t<div class=\"elementor-shortcode\">\n<div class=\"wpml-ls-statics-shortcode_actions wpml-ls wpml-ls-legacy-list-horizontal\">\n\t<ul><li class=\"wpml-ls-slot-shortcode_actions wpml-ls-item wpml-ls-item-en wpml-ls-first-item wpml-ls-item-legacy-list-horizontal\">\n\t\t\t\t<a href=\"https:\/\/petrodin.com\" class=\"wpml-ls-link\">\n                                                        <img decoding=\"async\"\n            class=\"wpml-ls-flag\"\n            src=\"https:\/\/petrodin.com\/wp-content\/plugins\/sitepress-multilingual-cms\/res\/flags\/en.svg\"\n            alt=\"Ingl\u00eas\"\n            width=51\n            height=47\n    \/><\/a>\n\t\t\t<\/li><li class=\"wpml-ls-slot-shortcode_actions wpml-ls-item wpml-ls-item-pt-br wpml-ls-current-language wpml-ls-last-item wpml-ls-item-legacy-list-horizontal\">\n\t\t\t\t<a href=\"https:\/\/petrodin.com\/pt-br\/\" class=\"wpml-ls-link\">\n                                                        <img decoding=\"async\"\n            class=\"wpml-ls-flag\"\n            src=\"https:\/\/petrodin.com\/wp-content\/plugins\/sitepress-multilingual-cms\/res\/flags\/pt-br.svg\"\n            alt=\"Portugu\u00eas\"\n            width=51\n            height=47\n    \/><\/a>\n\t\t\t<\/li><\/ul>\n<\/div>\n<\/div>\n\t\t\t\t\t\t<\/div>\n\t\t\t\t<\/div>\n\t\t\t\t<div class=\"elementor-element elementor-element-7c283cf0 elementor-list-item-link-inline elementor-tablet-align-right elementor-mobile-align-center elementor-widget-tablet__width-initial elementor-widget-mobile__width-initial elementor-icon-list--layout-traditional elementor-widget elementor-widget-icon-list\" data-id=\"7c283cf0\" data-element_type=\"widget\" data-widget_type=\"icon-list.default\">\n\t\t\t\t<div class=\"elementor-widget-container\">\n\t\t\t\t\t\t\t<ul class=\"elementor-icon-list-items\">\n\t\t\t\t\t\t\t<li class=\"elementor-icon-list-item\">\n\t\t\t\t\t\t\t\t\t\t\t<a href=\"#elementor-action%3Aaction%3Dpopup%3Aopen%26settings%3DeyJpZCI6Mzc2LCJ0b2dnbGUiOmZhbHNlfQ%3D%3D\">\n\n\t\t\t\t\t\t\t\t\t\t\t\t<span class=\"elementor-icon-list-icon\">\n\t\t\t\t\t\t\t<svg aria-hidden=\"true\" class=\"e-font-icon-svg e-fas-list\" viewBox=\"0 0 512 512\" xmlns=\"http:\/\/www.w3.org\/2000\/svg\"><path d=\"M80 368H16a16 16 0 0 0-16 16v64a16 16 0 0 0 16 16h64a16 16 0 0 0 16-16v-64a16 16 0 0 0-16-16zm0-320H16A16 16 0 0 0 0 64v64a16 16 0 0 0 16 16h64a16 16 0 0 0 16-16V64a16 16 0 0 0-16-16zm0 160H16a16 16 0 0 0-16 16v64a16 16 0 0 0 16 16h64a16 16 0 0 0 16-16v-64a16 16 0 0 0-16-16zm416 176H176a16 16 0 0 0-16 16v32a16 16 0 0 0 16 16h320a16 16 0 0 0 16-16v-32a16 16 0 0 0-16-16zm0-320H176a16 16 0 0 0-16 16v32a16 16 0 0 0 16 16h320a16 16 0 0 0 16-16V80a16 16 0 0 0-16-16zm0 160H176a16 16 0 0 0-16 16v32a16 16 0 0 0 16 16h320a16 16 0 0 0 16-16v-32a16 16 0 0 0-16-16z\"><\/path><\/svg>\t\t\t\t\t\t<\/span>\n\t\t\t\t\t\t\t\t\t\t<span class=\"elementor-icon-list-text\">MENU<\/span>\n\t\t\t\t\t\t\t\t\t\t\t<\/a>\n\t\t\t\t\t\t\t\t\t<\/li>\n\t\t\t\t\t\t<\/ul>\n\t\t\t\t\t\t<\/div>\n\t\t\t\t<\/div>\n\t\t\t\t\t<\/div>\n\t\t\t\t<\/div>\n\t\t\t\t\t<\/div>\n\t\t\t\t<\/div>\n\t\t<div class=\"elementor-element elementor-element-38a5125a e-con-full elementor-hidden-mobile e-flex e-con e-child\" data-id=\"38a5125a\" data-element_type=\"container\" data-settings=\"{&quot;jet_parallax_layout_list&quot;:[]}\">\n\t\t\t\t<div class=\"elementor-element elementor-element-5102912e elementor-widget__width-initial elementor-hidden-mobile elementor-widget elementor-widget-image\" data-id=\"5102912e\" data-element_type=\"widget\" data-widget_type=\"image.default\">\n\t\t\t\t<div class=\"elementor-widget-container\">\n\t\t\t\t\t\t\t\t\t\t\t\t\t\t\t\t<a href=\"https:\/\/petrodin.com\/pt-br\/atividades\/\">\n\t\t\t\t\t\t\t<img decoding=\"async\" width=\"209\" height=\"210\" src=\"https:\/\/petrodin.com\/wp-content\/uploads\/2023\/12\/image008.png\" class=\"elementor-animation-float attachment-medium_large size-medium_large wp-image-74\" alt=\"\" srcset=\"https:\/\/petrodin.com\/wp-content\/uploads\/2023\/12\/image008.png 209w, https:\/\/petrodin.com\/wp-content\/uploads\/2023\/12\/image008-150x150.png 150w\" sizes=\"(max-width: 209px) 100vw, 209px\" \/>\t\t\t\t\t\t\t\t<\/a>\n\t\t\t\t\t\t\t\t\t\t\t\t\t\t\t<\/div>\n\t\t\t\t<\/div>\n\t\t\t\t<div class=\"elementor-element elementor-element-1e2d6bfd elementor-widget__width-initial elementor-hidden-mobile elementor-widget elementor-widget-heading\" data-id=\"1e2d6bfd\" data-element_type=\"widget\" data-widget_type=\"heading.default\">\n\t\t\t\t<div class=\"elementor-widget-container\">\n\t\t\t\t\t<h2 class=\"elementor-heading-title elementor-size-default\"><a href=\"https:\/\/petrodin.com\/pt-br\/\">PETRODIN<\/a><\/h2>\t\t\t\t<\/div>\n\t\t\t\t<\/div>\n\t\t\t\t<div class=\"elementor-element elementor-element-5ecdd4fb elementor-widget-mobile__width-initial elementor-widget__width-initial elementor-widget elementor-widget-shortcode\" data-id=\"5ecdd4fb\" data-element_type=\"widget\" data-widget_type=\"shortcode.default\">\n\t\t\t\t<div class=\"elementor-widget-container\">\n\t\t\t\t\t\t\t<div class=\"elementor-shortcode\">\n<div class=\"wpml-ls-statics-shortcode_actions wpml-ls wpml-ls-legacy-list-horizontal\">\n\t<ul><li class=\"wpml-ls-slot-shortcode_actions wpml-ls-item wpml-ls-item-en wpml-ls-first-item wpml-ls-item-legacy-list-horizontal\">\n\t\t\t\t<a href=\"https:\/\/petrodin.com\" class=\"wpml-ls-link\">\n                                                        <img decoding=\"async\"\n            class=\"wpml-ls-flag\"\n            src=\"https:\/\/petrodin.com\/wp-content\/plugins\/sitepress-multilingual-cms\/res\/flags\/en.svg\"\n            alt=\"Ingl\u00eas\"\n            width=51\n            height=47\n    \/><\/a>\n\t\t\t<\/li><li class=\"wpml-ls-slot-shortcode_actions wpml-ls-item wpml-ls-item-pt-br wpml-ls-current-language wpml-ls-last-item wpml-ls-item-legacy-list-horizontal\">\n\t\t\t\t<a href=\"https:\/\/petrodin.com\/pt-br\/\" class=\"wpml-ls-link\">\n                                                        <img decoding=\"async\"\n            class=\"wpml-ls-flag\"\n            src=\"https:\/\/petrodin.com\/wp-content\/plugins\/sitepress-multilingual-cms\/res\/flags\/pt-br.svg\"\n            alt=\"Portugu\u00eas\"\n            width=51\n            height=47\n    \/><\/a>\n\t\t\t<\/li><\/ul>\n<\/div>\n<\/div>\n\t\t\t\t\t\t<\/div>\n\t\t\t\t<\/div>\n\t\t\t\t<\/div>\n\t\t\t\t<\/div>\n\t\t\t\t<div class=\"elementor-element elementor-element-2dd4d810 elementor-nav-menu__align-center elementor-hidden-mobile elementor-nav-menu--dropdown-mobile elementor-nav-menu__text-align-aside elementor-nav-menu--toggle elementor-nav-menu--burger elementor-widget elementor-widget-nav-menu\" data-id=\"2dd4d810\" data-element_type=\"widget\" data-settings=\"{&quot;layout&quot;:&quot;horizontal&quot;,&quot;submenu_icon&quot;:{&quot;value&quot;:&quot;&lt;svg class=\\&quot;e-font-icon-svg e-fas-caret-down\\&quot; viewBox=\\&quot;0 0 320 512\\&quot; xmlns=\\&quot;http:\\\/\\\/www.w3.org\\\/2000\\\/svg\\&quot;&gt;&lt;path d=\\&quot;M31.3 192h257.3c17.8 0 26.7 21.5 14.1 34.1L174.1 354.8c-7.8 7.8-20.5 7.8-28.3 0L17.2 226.1C4.6 213.5 13.5 192 31.3 192z\\&quot;&gt;&lt;\\\/path&gt;&lt;\\\/svg&gt;&quot;,&quot;library&quot;:&quot;fa-solid&quot;},&quot;toggle&quot;:&quot;burger&quot;}\" data-widget_type=\"nav-menu.default\">\n\t\t\t\t<div class=\"elementor-widget-container\">\n\t\t\t\t\t\t\t\t<nav aria-label=\"Menu\" class=\"elementor-nav-menu--main elementor-nav-menu__container elementor-nav-menu--layout-horizontal e--pointer-none\">\n\t\t\t\t<ul id=\"menu-1-2dd4d810\" class=\"elementor-nav-menu\"><li class=\"menu-item menu-item-type-post_type menu-item-object-page menu-item-home menu-item-457\"><a href=\"https:\/\/petrodin.com\/home\/\" class=\"elementor-item\">Home<\/a><\/li>\n<li class=\"menu-item menu-item-type-post_type menu-item-object-page menu-item-458\"><a href=\"https:\/\/petrodin.com\/who-we-are\/\" class=\"elementor-item\">QUEM SOMOS<\/a><\/li>\n<li class=\"menu-item menu-item-type-custom menu-item-object-custom menu-item-has-children menu-item-1111\"><a href=\"https:\/\/petrodin.com\/energia-hibrida\/activities\/\" class=\"elementor-item\">PETRODIN ENERGIA H\u00cdBRIDA<\/a>\n<ul class=\"sub-menu elementor-nav-menu--dropdown\">\n\t<li class=\"menu-item menu-item-type-post_type menu-item-object-page menu-item-505\"><a href=\"https:\/\/petrodin.com\/energia-hibrida\/activities\/\" class=\"elementor-sub-item\">ATIVIDADES<\/a><\/li>\n\t<li class=\"menu-item menu-item-type-post_type menu-item-object-page menu-item-519\"><a href=\"https:\/\/petrodin.com\/energia-hibrida\/innovative-technologies\/\" class=\"elementor-sub-item\">INOVA\u00c7\u00d5ES<\/a><\/li>\n<\/ul>\n<\/li>\n<li class=\"menu-item menu-item-type-custom menu-item-object-custom menu-item-has-children menu-item-1112\"><a href=\"https:\/\/petrodin.com\/energies\/activities\/\" class=\"elementor-item\">PETRODIN ENERGIES<\/a>\n<ul class=\"sub-menu elementor-nav-menu--dropdown\">\n\t<li class=\"menu-item menu-item-type-post_type menu-item-object-page menu-item-539\"><a href=\"https:\/\/petrodin.com\/energies\/activities\/\" class=\"elementor-sub-item\">ATIVIDADES<\/a><\/li>\n\t<li class=\"menu-item menu-item-type-post_type menu-item-object-page menu-item-557\"><a href=\"https:\/\/petrodin.com\/energies\/innovative-technologies\/\" class=\"elementor-sub-item\">INOVA\u00c7\u00d5ES<\/a><\/li>\n<\/ul>\n<\/li>\n<li class=\"menu-item menu-item-type-post_type menu-item-object-page menu-item-488\"><a href=\"https:\/\/petrodin.com\/contact-us\/\" class=\"elementor-item\">CONTATO<\/a><\/li>\n<li class=\"menu-item menu-item-type-post_type menu-item-object-page menu-item-677\"><a href=\"https:\/\/petrodin.com\/digital-library\/\" class=\"elementor-item\">PORTAL DO CLIENTE<\/a><\/li>\n<\/ul>\t\t\t<\/nav>\n\t\t\t\t\t<div class=\"elementor-menu-toggle\" role=\"button\" tabindex=\"0\" aria-label=\"Menu Toggle\" aria-expanded=\"false\">\n\t\t\t<svg aria-hidden=\"true\" role=\"presentation\" class=\"elementor-menu-toggle__icon--open e-font-icon-svg e-eicon-menu-bar\" viewBox=\"0 0 1000 1000\" xmlns=\"http:\/\/www.w3.org\/2000\/svg\"><path d=\"M104 333H896C929 333 958 304 958 271S929 208 896 208H104C71 208 42 237 42 271S71 333 104 333ZM104 583H896C929 583 958 554 958 521S929 458 896 458H104C71 458 42 487 42 521S71 583 104 583ZM104 833H896C929 833 958 804 958 771S929 708 896 708H104C71 708 42 737 42 771S71 833 104 833Z\"><\/path><\/svg><svg aria-hidden=\"true\" role=\"presentation\" class=\"elementor-menu-toggle__icon--close e-font-icon-svg e-eicon-close\" viewBox=\"0 0 1000 1000\" xmlns=\"http:\/\/www.w3.org\/2000\/svg\"><path d=\"M742 167L500 408 258 167C246 154 233 150 217 150 196 150 179 158 167 167 154 179 150 196 150 212 150 229 154 242 171 254L408 500 167 742C138 771 138 800 167 829 196 858 225 858 254 829L496 587 738 829C750 842 767 846 783 846 800 846 817 842 829 829 842 817 846 804 846 783 846 767 842 750 829 737L588 500 833 258C863 229 863 200 833 171 804 137 775 137 742 167Z\"><\/path><\/svg>\t\t<\/div>\n\t\t\t\t\t<nav class=\"elementor-nav-menu--dropdown elementor-nav-menu__container\" aria-hidden=\"true\">\n\t\t\t\t<ul id=\"menu-2-2dd4d810\" class=\"elementor-nav-menu\"><li class=\"menu-item menu-item-type-post_type menu-item-object-page menu-item-home menu-item-457\"><a href=\"https:\/\/petrodin.com\/home\/\" class=\"elementor-item\" tabindex=\"-1\">Home<\/a><\/li>\n<li class=\"menu-item menu-item-type-post_type menu-item-object-page menu-item-458\"><a href=\"https:\/\/petrodin.com\/who-we-are\/\" class=\"elementor-item\" tabindex=\"-1\">QUEM SOMOS<\/a><\/li>\n<li class=\"menu-item menu-item-type-custom menu-item-object-custom menu-item-has-children menu-item-1111\"><a href=\"https:\/\/petrodin.com\/energia-hibrida\/activities\/\" class=\"elementor-item\" tabindex=\"-1\">PETRODIN ENERGIA H\u00cdBRIDA<\/a>\n<ul class=\"sub-menu elementor-nav-menu--dropdown\">\n\t<li class=\"menu-item menu-item-type-post_type menu-item-object-page menu-item-505\"><a href=\"https:\/\/petrodin.com\/energia-hibrida\/activities\/\" class=\"elementor-sub-item\" tabindex=\"-1\">ATIVIDADES<\/a><\/li>\n\t<li class=\"menu-item menu-item-type-post_type menu-item-object-page menu-item-519\"><a href=\"https:\/\/petrodin.com\/energia-hibrida\/innovative-technologies\/\" class=\"elementor-sub-item\" tabindex=\"-1\">INOVA\u00c7\u00d5ES<\/a><\/li>\n<\/ul>\n<\/li>\n<li class=\"menu-item menu-item-type-custom menu-item-object-custom menu-item-has-children menu-item-1112\"><a href=\"https:\/\/petrodin.com\/energies\/activities\/\" class=\"elementor-item\" tabindex=\"-1\">PETRODIN ENERGIES<\/a>\n<ul class=\"sub-menu elementor-nav-menu--dropdown\">\n\t<li class=\"menu-item menu-item-type-post_type menu-item-object-page menu-item-539\"><a href=\"https:\/\/petrodin.com\/energies\/activities\/\" class=\"elementor-sub-item\" tabindex=\"-1\">ATIVIDADES<\/a><\/li>\n\t<li class=\"menu-item menu-item-type-post_type menu-item-object-page menu-item-557\"><a href=\"https:\/\/petrodin.com\/energies\/innovative-technologies\/\" class=\"elementor-sub-item\" tabindex=\"-1\">INOVA\u00c7\u00d5ES<\/a><\/li>\n<\/ul>\n<\/li>\n<li class=\"menu-item menu-item-type-post_type menu-item-object-page menu-item-488\"><a href=\"https:\/\/petrodin.com\/contact-us\/\" class=\"elementor-item\" tabindex=\"-1\">CONTATO<\/a><\/li>\n<li class=\"menu-item menu-item-type-post_type menu-item-object-page menu-item-677\"><a href=\"https:\/\/petrodin.com\/digital-library\/\" class=\"elementor-item\" tabindex=\"-1\">PORTAL DO CLIENTE<\/a><\/li>\n<\/ul>\t\t\t<\/nav>\n\t\t\t\t\t\t<\/div>\n\t\t\t\t<\/div>\n\t\t<div class=\"elementor-element elementor-element-10128bb e-flex e-con-boxed e-con e-child\" data-id=\"10128bb\" data-element_type=\"container\" data-settings=\"{&quot;background_background&quot;:&quot;classic&quot;,&quot;jet_parallax_layout_list&quot;:[]}\">\n\t\t\t\t\t<div class=\"e-con-inner\">\n\t\t\t\t<div class=\"elementor-element elementor-element-37e0af6f elementor-widget elementor-widget-text-editor\" data-id=\"37e0af6f\" data-element_type=\"widget\" data-widget_type=\"text-editor.default\">\n\t\t\t\t<div class=\"elementor-widget-container\">\n\t\t\t\t\t\t\t\t\t<p style=\"background-image: initial; background-position: initial; background-size: initial; background-repeat: initial; background-attachment: initial; background-origin: initial; background-clip: initial;\"><span style=\"font-size: 9pt; font-family: Roboto;\">A&nbsp;<\/span><span style=\"font-family: Roboto;\"><span style=\"font-size: 12px;\"><b>PETRODIN<\/b>&nbsp;<\/span><\/span><font face=\"Roboto\"><span style=\"font-size: 12px;\">Atua em alto-mar desde 1990, com vasta experi\u00eancia comprovada e diversificada para enfrentar os desafios impostos pela redu\u00e7\u00e3o e, em \u00faltima inst\u00e2ncia, pela elimina\u00e7\u00e3o das emiss\u00f5es nocivas de embarca\u00e7\u00f5es.<\/span><\/font><\/p>\n<p style=\"background-image: initial; background-position: initial; background-size: initial; background-repeat: initial; background-attachment: initial; background-origin: initial; background-clip: initial;\"><span style=\"font-size: 9pt; font-family: Roboto;\">A&nbsp;<strong>PETRODIN <\/strong>atua na preserva\u00e7\u00e3o e melhoria ambiental,&nbsp;neste processo a identifica\u00e7\u00e3o de solu\u00e7\u00f5es pr\u00e1ticas e proativas para reduzir os&nbsp;impactos ambientais no desenvolvimento de novos conceitos e embarca\u00e7\u00f5es&nbsp;sustent\u00e1veis. Estamos envolvidos no desenvolvimento de Light Construction&nbsp;Vessel (LCV) sustent\u00e1veis com base em recursos inovadores de constru\u00e7\u00e3o&nbsp;submarina de dupla atividade para opera\u00e7\u00f5es em \u00e1guas ultraprofundas e condi\u00e7\u00f5es&nbsp;ambientais exigentes.&nbsp;<\/span><span style=\"font-family: Roboto; font-size: 12px;\">Estamos nos preparando para oferecer ao mercado Embarca\u00e7\u00f5es de Opera\u00e7\u00e3o de Servi\u00e7os (SOV) multiprop\u00f3sito.<\/span><\/p>\n<p style=\"background-image: initial; background-position: initial; background-size: initial; background-repeat: initial; background-attachment: initial; background-origin: initial; background-clip: initial;\"><span style=\"font-size: 9pt; font-family: Roboto;\">A&nbsp;<strong>PETRODIN <\/strong>possui vasta experi\u00eancia na gest\u00e3o de&nbsp;contratos com a PETROBRAS, nossa equipe est\u00e1 comprometida em atender e executar&nbsp;os servi\u00e7os contratados de acordo com as especifica\u00e7\u00f5es dos requisitos&nbsp;contratuais e legais de nossos clientes, navegando com conhecimento por todas&nbsp;as peculiaridades e potenciais riscos deste empreendimento. Somos rigorosos&nbsp;quanto \u00e0 confidencialidade de todas as informa\u00e7\u00f5es obtidas na execu\u00e7\u00e3o dos&nbsp;requisitos contratuais.<\/span><\/p>\n<p style=\"background-image: initial; background-position: initial; background-size: initial; background-repeat: initial; background-attachment: initial; background-origin: initial; background-clip: initial;\"><span style=\"font-size: 9pt; font-family: Roboto;\">A&nbsp;<strong>PETRODIN <\/strong>possui um hist\u00f3rico de servi\u00e7os&nbsp;relacionados a Sondas de Perfura\u00e7\u00e3o, FPSO, Embarca\u00e7\u00f5es de Apoio \u00e0 Alojamento,&nbsp;Embarca\u00e7\u00f5es de Constru\u00e7\u00e3o Submarina, incluindo constru\u00e7\u00e3o nova, convers\u00f5es e&nbsp;reparos de embarca\u00e7\u00f5es.<\/span><\/p>\t\t\t\t\t\t\t\t<\/div>\n\t\t\t\t<\/div>\n\t\t\t\t<div class=\"elementor-element elementor-element-467b3413 elementor-widget-divider--view-line elementor-widget elementor-widget-divider\" data-id=\"467b3413\" data-element_type=\"widget\" data-widget_type=\"divider.default\">\n\t\t\t\t<div class=\"elementor-widget-container\">\n\t\t\t\t\t\t\t<div class=\"elementor-divider\">\n\t\t\t<span class=\"elementor-divider-separator\">\n\t\t\t\t\t\t<\/span>\n\t\t<\/div>\n\t\t\t\t\t\t<\/div>\n\t\t\t\t<\/div>\n\t\t\t\t<div class=\"elementor-element elementor-element-764a3311 elementor-widget elementor-widget-heading\" data-id=\"764a3311\" data-element_type=\"widget\" data-widget_type=\"heading.default\">\n\t\t\t\t<div class=\"elementor-widget-container\">\n\t\t\t\t\t<h2 class=\"elementor-heading-title elementor-size-default\">\u00a9 Copyright 2023 \u2502Todos os direitos reservados.<\/h2>\t\t\t\t<\/div>\n\t\t\t\t<\/div>\n\t\t\t\t\t<\/div>\n\t\t\t\t<\/div>\n\t\t\t\t\t<\/div>\n\t\t\t\t<\/div>\n\t\t\t\t<\/div>\n\t\t","protected":false},"excerpt":{"rendered":"<p>MENU PETRODIN A&nbsp;PETRODIN&nbsp;Atua em alto-mar desde 1990, com vasta experi\u00eancia comprovada e diversificada para enfrentar os desafios impostos pela redu\u00e7\u00e3o e, em \u00faltima inst\u00e2ncia, pela elimina\u00e7\u00e3o das emiss\u00f5es nocivas de embarca\u00e7\u00f5es. A&nbsp;PETRODIN atua na preserva\u00e7\u00e3o e melhoria ambiental,&nbsp;neste processo a identifica\u00e7\u00e3o de solu\u00e7\u00f5es pr\u00e1ticas e proativas para reduzir os&nbsp;impactos ambientais no desenvolvimento de novos conceitos [&hellip;]<\/p>\n","protected":false},"author":30,"featured_media":0,"parent":0,"menu_order":0,"comment_status":"closed","ping_status":"closed","template":"elementor_canvas","meta":{"footnotes":""},"class_list":["post-503","page","type-page","status-publish","hentry"],"aioseo_notices":[],"_links":{"self":[{"href":"https:\/\/petrodin.com\/pt-br\/wp-json\/wp\/v2\/pages\/503","targetHints":{"allow":["GET"]}}],"collection":[{"href":"https:\/\/petrodin.com\/pt-br\/wp-json\/wp\/v2\/pages"}],"about":[{"href":"https:\/\/petrodin.com\/pt-br\/wp-json\/wp\/v2\/types\/page"}],"author":[{"embeddable":true,"href":"https:\/\/petrodin.com\/pt-br\/wp-json\/wp\/v2\/users\/30"}],"replies":[{"embeddable":true,"href":"https:\/\/petrodin.com\/pt-br\/wp-json\/wp\/v2\/comments?post=503"}],"version-history":[{"count":7,"href":"https:\/\/petrodin.com\/pt-br\/wp-json\/wp\/v2\/pages\/503\/revisions"}],"predecessor-version":[{"id":4982,"href":"https:\/\/petrodin.com\/pt-br\/wp-json\/wp\/v2\/pages\/503\/revisions\/4982"}],"wp:attachment":[{"href":"https:\/\/petrodin.com\/pt-br\/wp-json\/wp\/v2\/media?parent=503"}],"curies":[{"name":"wp","href":"https:\/\/api.w.org\/{rel}","templated":true}]}}