{"id":450,"date":"2023-12-11T19:41:35","date_gmt":"2023-12-11T19:41:35","guid":{"rendered":"https:\/\/smartcriacao.com\/gugudada\/quem-somos\/"},"modified":"2026-04-06T19:45:15","modified_gmt":"2026-04-06T18:45:15","slug":"quem-somos","status":"publish","type":"page","link":"https:\/\/petrodin.com\/pt-br\/quem-somos\/","title":{"rendered":"QUEM SOMOS"},"content":{"rendered":"\t\t<div data-elementor-type=\"wp-page\" data-elementor-id=\"450\" class=\"elementor elementor-450 elementor-444\" data-elementor-post-type=\"page\">\n\t\t\t\t<div class=\"elementor-element elementor-element-749072e3 e-flex e-con-boxed e-con e-parent\" data-id=\"749072e3\" data-element_type=\"container\" data-settings=\"{&quot;background_background&quot;:&quot;classic&quot;,&quot;jet_parallax_layout_list&quot;:[]}\">\n\t\t\t\t\t<div class=\"e-con-inner\">\n\t\t\t\t<div class=\"elementor-element elementor-element-ce6e947 elementor-widget elementor-widget-template\" data-id=\"ce6e947\" data-element_type=\"widget\" data-widget_type=\"template.default\">\n\t\t\t\t<div class=\"elementor-widget-container\">\n\t\t\t\t\t\t\t<div class=\"elementor-template\">\n\t\t\t\t\t<div data-elementor-type=\"page\" data-elementor-id=\"818\" class=\"elementor elementor-818\" data-elementor-post-type=\"elementor_library\">\n\t\t\t\t<div class=\"elementor-element elementor-element-2ba38458 e-con-full e-flex e-con e-parent\" data-id=\"2ba38458\" data-element_type=\"container\" data-settings=\"{&quot;background_background&quot;:&quot;classic&quot;,&quot;jet_parallax_layout_list&quot;:[]}\">\n\t\t<div class=\"elementor-element elementor-element-487e063a e-con-full e-flex e-con e-child\" data-id=\"487e063a\" data-element_type=\"container\" data-settings=\"{&quot;background_background&quot;:&quot;classic&quot;,&quot;jet_parallax_layout_list&quot;:[]}\">\n\t\t<div class=\"elementor-element elementor-element-4975d20e elementor-hidden-desktop elementor-hidden-tablet e-flex e-con-boxed e-con e-child\" data-id=\"4975d20e\" data-element_type=\"container\" data-settings=\"{&quot;jet_parallax_layout_list&quot;:[]}\">\n\t\t\t\t\t<div class=\"e-con-inner\">\n\t\t\t\t<div class=\"elementor-element elementor-element-223004e9 elementor-widget__width-initial elementor-hidden-tablet elementor-hidden-desktop elementor-widget elementor-widget-image\" data-id=\"223004e9\" data-element_type=\"widget\" data-widget_type=\"image.default\">\n\t\t\t\t<div class=\"elementor-widget-container\">\n\t\t\t\t\t\t\t\t\t\t\t\t\t\t\t\t<a href=\"https:\/\/petrodin.com\/energia-hibrida\/activities\/\">\n\t\t\t\t\t\t\t<img decoding=\"async\" width=\"209\" height=\"210\" src=\"https:\/\/petrodin.com\/wp-content\/uploads\/2023\/12\/image008.png\" class=\"elementor-animation-float attachment-large size-large wp-image-74\" alt=\"\" srcset=\"https:\/\/petrodin.com\/wp-content\/uploads\/2023\/12\/image008.png 209w, https:\/\/petrodin.com\/wp-content\/uploads\/2023\/12\/image008-150x150.png 150w\" sizes=\"(max-width: 209px) 100vw, 209px\" \/>\t\t\t\t\t\t\t\t<\/a>\n\t\t\t\t\t\t\t\t\t\t\t\t\t\t\t<\/div>\n\t\t\t\t<\/div>\n\t\t\t\t<div class=\"elementor-element elementor-element-26666375 elementor-widget__width-initial elementor-hidden-tablet elementor-hidden-desktop elementor-widget elementor-widget-image\" data-id=\"26666375\" data-element_type=\"widget\" data-widget_type=\"image.default\">\n\t\t\t\t<div class=\"elementor-widget-container\">\n\t\t\t\t\t\t\t\t\t\t\t\t\t\t\t\t<a href=\"https:\/\/petrodin.com\/energies\/activities\/\">\n\t\t\t\t\t\t\t<img decoding=\"async\" width=\"209\" height=\"211\" src=\"https:\/\/petrodin.com\/wp-content\/uploads\/2023\/12\/image010.png\" class=\"elementor-animation-float attachment-large size-large wp-image-76\" alt=\"\" srcset=\"https:\/\/petrodin.com\/wp-content\/uploads\/2023\/12\/image010.png 209w, https:\/\/petrodin.com\/wp-content\/uploads\/2023\/12\/image010-150x150.png 150w\" sizes=\"(max-width: 209px) 100vw, 209px\" \/>\t\t\t\t\t\t\t\t<\/a>\n\t\t\t\t\t\t\t\t\t\t\t\t\t\t\t<\/div>\n\t\t\t\t<\/div>\n\t\t<div class=\"elementor-element elementor-element-6ed9ea8d e-flex e-con-boxed e-con e-child\" data-id=\"6ed9ea8d\" data-element_type=\"container\" data-settings=\"{&quot;background_background&quot;:&quot;classic&quot;,&quot;jet_parallax_layout_list&quot;:[]}\">\n\t\t\t\t\t<div class=\"e-con-inner\">\n\t\t\t\t<div class=\"elementor-element elementor-element-75b6356e elementor-widget-mobile__width-initial elementor-hidden-desktop elementor-widget elementor-widget-shortcode\" data-id=\"75b6356e\" data-element_type=\"widget\" data-widget_type=\"shortcode.default\">\n\t\t\t\t<div class=\"elementor-widget-container\">\n\t\t\t\t\t\t\t<div class=\"elementor-shortcode\">\n<div class=\"wpml-ls-statics-shortcode_actions wpml-ls wpml-ls-legacy-list-horizontal\">\n\t<ul><li class=\"wpml-ls-slot-shortcode_actions wpml-ls-item wpml-ls-item-en wpml-ls-first-item wpml-ls-item-legacy-list-horizontal\">\n\t\t\t\t<a href=\"https:\/\/petrodin.com\" class=\"wpml-ls-link\">\n                                                        <img decoding=\"async\"\n            class=\"wpml-ls-flag\"\n            src=\"https:\/\/petrodin.com\/wp-content\/plugins\/sitepress-multilingual-cms\/res\/flags\/en.svg\"\n            alt=\"Ingl\u00eas\"\n            width=51\n            height=47\n    \/><\/a>\n\t\t\t<\/li><li class=\"wpml-ls-slot-shortcode_actions wpml-ls-item wpml-ls-item-pt-br wpml-ls-current-language wpml-ls-last-item wpml-ls-item-legacy-list-horizontal\">\n\t\t\t\t<a href=\"https:\/\/petrodin.com\/pt-br\/\" class=\"wpml-ls-link\">\n                                                        <img decoding=\"async\"\n            class=\"wpml-ls-flag\"\n            src=\"https:\/\/petrodin.com\/wp-content\/plugins\/sitepress-multilingual-cms\/res\/flags\/pt-br.svg\"\n            alt=\"Portugu\u00eas\"\n            width=51\n            height=47\n    \/><\/a>\n\t\t\t<\/li><\/ul>\n<\/div>\n<\/div>\n\t\t\t\t\t\t<\/div>\n\t\t\t\t<\/div>\n\t\t\t\t<div class=\"elementor-element elementor-element-4d7a222a elementor-list-item-link-inline elementor-tablet-align-right elementor-mobile-align-center elementor-widget-tablet__width-initial elementor-widget-mobile__width-initial elementor-icon-list--layout-traditional elementor-widget elementor-widget-icon-list\" data-id=\"4d7a222a\" data-element_type=\"widget\" data-widget_type=\"icon-list.default\">\n\t\t\t\t<div class=\"elementor-widget-container\">\n\t\t\t\t\t\t\t<ul class=\"elementor-icon-list-items\">\n\t\t\t\t\t\t\t<li class=\"elementor-icon-list-item\">\n\t\t\t\t\t\t\t\t\t\t\t<a href=\"#elementor-action%3Aaction%3Dpopup%3Aopen%26settings%3DeyJpZCI6Mzc2LCJ0b2dnbGUiOmZhbHNlfQ%3D%3D\">\n\n\t\t\t\t\t\t\t\t\t\t\t\t<span class=\"elementor-icon-list-icon\">\n\t\t\t\t\t\t\t<svg aria-hidden=\"true\" class=\"e-font-icon-svg e-fas-list\" viewBox=\"0 0 512 512\" xmlns=\"http:\/\/www.w3.org\/2000\/svg\"><path d=\"M80 368H16a16 16 0 0 0-16 16v64a16 16 0 0 0 16 16h64a16 16 0 0 0 16-16v-64a16 16 0 0 0-16-16zm0-320H16A16 16 0 0 0 0 64v64a16 16 0 0 0 16 16h64a16 16 0 0 0 16-16V64a16 16 0 0 0-16-16zm0 160H16a16 16 0 0 0-16 16v64a16 16 0 0 0 16 16h64a16 16 0 0 0 16-16v-64a16 16 0 0 0-16-16zm416 176H176a16 16 0 0 0-16 16v32a16 16 0 0 0 16 16h320a16 16 0 0 0 16-16v-32a16 16 0 0 0-16-16zm0-320H176a16 16 0 0 0-16 16v32a16 16 0 0 0 16 16h320a16 16 0 0 0 16-16V80a16 16 0 0 0-16-16zm0 160H176a16 16 0 0 0-16 16v32a16 16 0 0 0 16 16h320a16 16 0 0 0 16-16v-32a16 16 0 0 0-16-16z\"><\/path><\/svg>\t\t\t\t\t\t<\/span>\n\t\t\t\t\t\t\t\t\t\t<span class=\"elementor-icon-list-text\">MENU<\/span>\n\t\t\t\t\t\t\t\t\t\t\t<\/a>\n\t\t\t\t\t\t\t\t\t<\/li>\n\t\t\t\t\t\t<\/ul>\n\t\t\t\t\t\t<\/div>\n\t\t\t\t<\/div>\n\t\t\t\t\t<\/div>\n\t\t\t\t<\/div>\n\t\t\t\t\t<\/div>\n\t\t\t\t<\/div>\n\t\t<div class=\"elementor-element elementor-element-61379d26 e-con-full elementor-hidden-mobile e-flex e-con e-child\" data-id=\"61379d26\" data-element_type=\"container\" data-settings=\"{&quot;jet_parallax_layout_list&quot;:[]}\">\n\t\t\t\t<div class=\"elementor-element elementor-element-7e0eddc7 elementor-widget__width-initial elementor-hidden-mobile elementor-widget elementor-widget-image\" data-id=\"7e0eddc7\" data-element_type=\"widget\" data-widget_type=\"image.default\">\n\t\t\t\t<div class=\"elementor-widget-container\">\n\t\t\t\t\t\t\t\t\t\t\t\t\t\t\t\t<a href=\"https:\/\/petrodin.com\/energia-hibrida\/activities\/\">\n\t\t\t\t\t\t\t<img decoding=\"async\" width=\"209\" height=\"210\" src=\"https:\/\/petrodin.com\/wp-content\/uploads\/2023\/12\/image008.png\" class=\"elementor-animation-float attachment-large size-large wp-image-74\" alt=\"\" srcset=\"https:\/\/petrodin.com\/wp-content\/uploads\/2023\/12\/image008.png 209w, https:\/\/petrodin.com\/wp-content\/uploads\/2023\/12\/image008-150x150.png 150w\" sizes=\"(max-width: 209px) 100vw, 209px\" \/>\t\t\t\t\t\t\t\t<\/a>\n\t\t\t\t\t\t\t\t\t\t\t\t\t\t\t<\/div>\n\t\t\t\t<\/div>\n\t\t\t\t<div class=\"elementor-element elementor-element-165c08b6 elementor-widget__width-initial elementor-hidden-mobile elementor-widget elementor-widget-image\" data-id=\"165c08b6\" data-element_type=\"widget\" data-widget_type=\"image.default\">\n\t\t\t\t<div class=\"elementor-widget-container\">\n\t\t\t\t\t\t\t\t\t\t\t\t\t\t\t\t<a href=\"https:\/\/petrodin.com\/energies\/activities\/\">\n\t\t\t\t\t\t\t<img decoding=\"async\" width=\"209\" height=\"211\" src=\"https:\/\/petrodin.com\/wp-content\/uploads\/2023\/12\/image010.png\" class=\"elementor-animation-float attachment-large size-large wp-image-76\" alt=\"\" srcset=\"https:\/\/petrodin.com\/wp-content\/uploads\/2023\/12\/image010.png 209w, https:\/\/petrodin.com\/wp-content\/uploads\/2023\/12\/image010-150x150.png 150w\" sizes=\"(max-width: 209px) 100vw, 209px\" \/>\t\t\t\t\t\t\t\t<\/a>\n\t\t\t\t\t\t\t\t\t\t\t\t\t\t\t<\/div>\n\t\t\t\t<\/div>\n\t\t\t\t<div class=\"elementor-element elementor-element-7498bc6c elementor-widget__width-initial elementor-hidden-mobile elementor-widget elementor-widget-heading\" data-id=\"7498bc6c\" data-element_type=\"widget\" data-widget_type=\"heading.default\">\n\t\t\t\t<div class=\"elementor-widget-container\">\n\t\t\t\t\t<h2 class=\"elementor-heading-title elementor-size-default\"><a href=\"https:\/\/petrodin.com\/pt-br\/\">PETRODIN<\/a><\/h2>\t\t\t\t<\/div>\n\t\t\t\t<\/div>\n\t\t\t\t<div class=\"elementor-element elementor-element-4ed26c5d elementor-widget-mobile__width-initial elementor-widget__width-initial elementor-widget elementor-widget-shortcode\" data-id=\"4ed26c5d\" data-element_type=\"widget\" data-widget_type=\"shortcode.default\">\n\t\t\t\t<div class=\"elementor-widget-container\">\n\t\t\t\t\t\t\t<div class=\"elementor-shortcode\">\n<div class=\"wpml-ls-statics-shortcode_actions wpml-ls wpml-ls-legacy-list-horizontal\">\n\t<ul><li class=\"wpml-ls-slot-shortcode_actions wpml-ls-item wpml-ls-item-en wpml-ls-first-item wpml-ls-item-legacy-list-horizontal\">\n\t\t\t\t<a href=\"https:\/\/petrodin.com\" class=\"wpml-ls-link\">\n                                                        <img decoding=\"async\"\n            class=\"wpml-ls-flag\"\n            src=\"https:\/\/petrodin.com\/wp-content\/plugins\/sitepress-multilingual-cms\/res\/flags\/en.svg\"\n            alt=\"Ingl\u00eas\"\n            width=51\n            height=47\n    \/><\/a>\n\t\t\t<\/li><li class=\"wpml-ls-slot-shortcode_actions wpml-ls-item wpml-ls-item-pt-br wpml-ls-current-language wpml-ls-last-item wpml-ls-item-legacy-list-horizontal\">\n\t\t\t\t<a href=\"https:\/\/petrodin.com\/pt-br\/\" class=\"wpml-ls-link\">\n                                                        <img decoding=\"async\"\n            class=\"wpml-ls-flag\"\n            src=\"https:\/\/petrodin.com\/wp-content\/plugins\/sitepress-multilingual-cms\/res\/flags\/pt-br.svg\"\n            alt=\"Portugu\u00eas\"\n            width=51\n            height=47\n    \/><\/a>\n\t\t\t<\/li><\/ul>\n<\/div>\n<\/div>\n\t\t\t\t\t\t<\/div>\n\t\t\t\t<\/div>\n\t\t\t\t<\/div>\n\t\t\t\t<\/div>\n\t\t\t\t<div class=\"elementor-element elementor-element-69c244ea elementor-nav-menu__align-center elementor-hidden-mobile elementor-nav-menu--dropdown-mobile elementor-nav-menu__text-align-aside elementor-nav-menu--toggle elementor-nav-menu--burger elementor-widget elementor-widget-nav-menu\" data-id=\"69c244ea\" data-element_type=\"widget\" data-settings=\"{&quot;layout&quot;:&quot;horizontal&quot;,&quot;submenu_icon&quot;:{&quot;value&quot;:&quot;&lt;svg class=\\&quot;e-font-icon-svg e-fas-caret-down\\&quot; viewBox=\\&quot;0 0 320 512\\&quot; xmlns=\\&quot;http:\\\/\\\/www.w3.org\\\/2000\\\/svg\\&quot;&gt;&lt;path d=\\&quot;M31.3 192h257.3c17.8 0 26.7 21.5 14.1 34.1L174.1 354.8c-7.8 7.8-20.5 7.8-28.3 0L17.2 226.1C4.6 213.5 13.5 192 31.3 192z\\&quot;&gt;&lt;\\\/path&gt;&lt;\\\/svg&gt;&quot;,&quot;library&quot;:&quot;fa-solid&quot;},&quot;toggle&quot;:&quot;burger&quot;}\" data-widget_type=\"nav-menu.default\">\n\t\t\t\t<div class=\"elementor-widget-container\">\n\t\t\t\t\t\t\t\t<nav aria-label=\"Menu\" class=\"elementor-nav-menu--main elementor-nav-menu__container elementor-nav-menu--layout-horizontal e--pointer-none\">\n\t\t\t\t<ul id=\"menu-1-69c244ea\" class=\"elementor-nav-menu\"><li class=\"menu-item menu-item-type-post_type menu-item-object-page menu-item-home menu-item-457\"><a href=\"https:\/\/petrodin.com\/home\/\" class=\"elementor-item\">Home<\/a><\/li>\n<li class=\"menu-item menu-item-type-post_type menu-item-object-page menu-item-458\"><a href=\"https:\/\/petrodin.com\/who-we-are\/\" class=\"elementor-item\">QUEM SOMOS<\/a><\/li>\n<li class=\"menu-item menu-item-type-custom menu-item-object-custom menu-item-has-children menu-item-1111\"><a href=\"https:\/\/petrodin.com\/energia-hibrida\/activities\/\" class=\"elementor-item\">PETRODIN ENERGIA H\u00cdBRIDA<\/a>\n<ul class=\"sub-menu elementor-nav-menu--dropdown\">\n\t<li class=\"menu-item menu-item-type-post_type menu-item-object-page menu-item-505\"><a href=\"https:\/\/petrodin.com\/energia-hibrida\/activities\/\" class=\"elementor-sub-item\">ATIVIDADES<\/a><\/li>\n\t<li class=\"menu-item menu-item-type-post_type menu-item-object-page menu-item-519\"><a href=\"https:\/\/petrodin.com\/energia-hibrida\/innovative-technologies\/\" class=\"elementor-sub-item\">INOVA\u00c7\u00d5ES<\/a><\/li>\n<\/ul>\n<\/li>\n<li class=\"menu-item menu-item-type-custom menu-item-object-custom menu-item-has-children menu-item-1112\"><a href=\"https:\/\/petrodin.com\/energies\/activities\/\" class=\"elementor-item\">PETRODIN ENERGIES<\/a>\n<ul class=\"sub-menu elementor-nav-menu--dropdown\">\n\t<li class=\"menu-item menu-item-type-post_type menu-item-object-page menu-item-539\"><a href=\"https:\/\/petrodin.com\/energies\/activities\/\" class=\"elementor-sub-item\">ATIVIDADES<\/a><\/li>\n\t<li class=\"menu-item menu-item-type-post_type menu-item-object-page menu-item-557\"><a href=\"https:\/\/petrodin.com\/energies\/innovative-technologies\/\" class=\"elementor-sub-item\">INOVA\u00c7\u00d5ES<\/a><\/li>\n<\/ul>\n<\/li>\n<li class=\"menu-item menu-item-type-post_type menu-item-object-page menu-item-488\"><a href=\"https:\/\/petrodin.com\/contact-us\/\" class=\"elementor-item\">CONTATO<\/a><\/li>\n<li class=\"menu-item menu-item-type-post_type menu-item-object-page menu-item-677\"><a href=\"https:\/\/petrodin.com\/digital-library\/\" class=\"elementor-item\">PORTAL DO CLIENTE<\/a><\/li>\n<\/ul>\t\t\t<\/nav>\n\t\t\t\t\t<div class=\"elementor-menu-toggle\" role=\"button\" tabindex=\"0\" aria-label=\"Menu Toggle\" aria-expanded=\"false\">\n\t\t\t<svg aria-hidden=\"true\" role=\"presentation\" class=\"elementor-menu-toggle__icon--open e-font-icon-svg e-eicon-menu-bar\" viewBox=\"0 0 1000 1000\" xmlns=\"http:\/\/www.w3.org\/2000\/svg\"><path d=\"M104 333H896C929 333 958 304 958 271S929 208 896 208H104C71 208 42 237 42 271S71 333 104 333ZM104 583H896C929 583 958 554 958 521S929 458 896 458H104C71 458 42 487 42 521S71 583 104 583ZM104 833H896C929 833 958 804 958 771S929 708 896 708H104C71 708 42 737 42 771S71 833 104 833Z\"><\/path><\/svg><svg aria-hidden=\"true\" role=\"presentation\" class=\"elementor-menu-toggle__icon--close e-font-icon-svg e-eicon-close\" viewBox=\"0 0 1000 1000\" xmlns=\"http:\/\/www.w3.org\/2000\/svg\"><path d=\"M742 167L500 408 258 167C246 154 233 150 217 150 196 150 179 158 167 167 154 179 150 196 150 212 150 229 154 242 171 254L408 500 167 742C138 771 138 800 167 829 196 858 225 858 254 829L496 587 738 829C750 842 767 846 783 846 800 846 817 842 829 829 842 817 846 804 846 783 846 767 842 750 829 737L588 500 833 258C863 229 863 200 833 171 804 137 775 137 742 167Z\"><\/path><\/svg>\t\t<\/div>\n\t\t\t\t\t<nav class=\"elementor-nav-menu--dropdown elementor-nav-menu__container\" aria-hidden=\"true\">\n\t\t\t\t<ul id=\"menu-2-69c244ea\" class=\"elementor-nav-menu\"><li class=\"menu-item menu-item-type-post_type menu-item-object-page menu-item-home menu-item-457\"><a href=\"https:\/\/petrodin.com\/home\/\" class=\"elementor-item\" tabindex=\"-1\">Home<\/a><\/li>\n<li class=\"menu-item menu-item-type-post_type menu-item-object-page menu-item-458\"><a href=\"https:\/\/petrodin.com\/who-we-are\/\" class=\"elementor-item\" tabindex=\"-1\">QUEM SOMOS<\/a><\/li>\n<li class=\"menu-item menu-item-type-custom menu-item-object-custom menu-item-has-children menu-item-1111\"><a href=\"https:\/\/petrodin.com\/energia-hibrida\/activities\/\" class=\"elementor-item\" tabindex=\"-1\">PETRODIN ENERGIA H\u00cdBRIDA<\/a>\n<ul class=\"sub-menu elementor-nav-menu--dropdown\">\n\t<li class=\"menu-item menu-item-type-post_type menu-item-object-page menu-item-505\"><a href=\"https:\/\/petrodin.com\/energia-hibrida\/activities\/\" class=\"elementor-sub-item\" tabindex=\"-1\">ATIVIDADES<\/a><\/li>\n\t<li class=\"menu-item menu-item-type-post_type menu-item-object-page menu-item-519\"><a href=\"https:\/\/petrodin.com\/energia-hibrida\/innovative-technologies\/\" class=\"elementor-sub-item\" tabindex=\"-1\">INOVA\u00c7\u00d5ES<\/a><\/li>\n<\/ul>\n<\/li>\n<li class=\"menu-item menu-item-type-custom menu-item-object-custom menu-item-has-children menu-item-1112\"><a href=\"https:\/\/petrodin.com\/energies\/activities\/\" class=\"elementor-item\" tabindex=\"-1\">PETRODIN ENERGIES<\/a>\n<ul class=\"sub-menu elementor-nav-menu--dropdown\">\n\t<li class=\"menu-item menu-item-type-post_type menu-item-object-page menu-item-539\"><a href=\"https:\/\/petrodin.com\/energies\/activities\/\" class=\"elementor-sub-item\" tabindex=\"-1\">ATIVIDADES<\/a><\/li>\n\t<li class=\"menu-item menu-item-type-post_type menu-item-object-page menu-item-557\"><a href=\"https:\/\/petrodin.com\/energies\/innovative-technologies\/\" class=\"elementor-sub-item\" tabindex=\"-1\">INOVA\u00c7\u00d5ES<\/a><\/li>\n<\/ul>\n<\/li>\n<li class=\"menu-item menu-item-type-post_type menu-item-object-page menu-item-488\"><a href=\"https:\/\/petrodin.com\/contact-us\/\" class=\"elementor-item\" tabindex=\"-1\">CONTATO<\/a><\/li>\n<li class=\"menu-item menu-item-type-post_type menu-item-object-page menu-item-677\"><a href=\"https:\/\/petrodin.com\/digital-library\/\" class=\"elementor-item\" tabindex=\"-1\">PORTAL DO CLIENTE<\/a><\/li>\n<\/ul>\t\t\t<\/nav>\n\t\t\t\t\t\t<\/div>\n\t\t\t\t<\/div>\n\t\t\t\t<\/div>\n\t\t\t\t<\/div>\n\t\t\t\t<\/div>\n\t\t\t\t\t\t<\/div>\n\t\t\t\t<\/div>\n\t\t<div class=\"elementor-element elementor-element-2fee0a13 e-flex e-con-boxed e-con e-child\" data-id=\"2fee0a13\" data-element_type=\"container\" data-settings=\"{&quot;background_background&quot;:&quot;classic&quot;,&quot;jet_parallax_layout_list&quot;:[]}\">\n\t\t\t\t\t<div class=\"e-con-inner\">\n\t\t\t\t<div class=\"elementor-element elementor-element-3f1e93fc elementor-widget elementor-widget-text-editor\" data-id=\"3f1e93fc\" data-element_type=\"widget\" data-widget_type=\"text-editor.default\">\n\t\t\t\t<div class=\"elementor-widget-container\">\n\t\t\t\t\t\t\t\t\t<p>A <b>PETRODIN<\/b> possui uma longa trajet\u00f3ria em servi\u00e7os de petr\u00f3leo e g\u00e1s offshore em todo o mundo desde 1990, quando a Petrodin foi registrada no Brasil, seguida em 2023 com o estabelecimento de uma nova entidade Petrodin na Nam\u00edbia. Nossas atividades offshore visam reduzir as emiss\u00f5es nocivas e, em \u00faltima inst\u00e2ncia, elimin\u00e1-las no ambiente marinho e offshore. A Petrodin acredita que, com solu\u00e7\u00f5es inovadoras, a situa\u00e7\u00e3o atual da polui\u00e7\u00e3o por gases de efeito estufa pode ser significativamente melhorada, com forte foco em HSE (Sa\u00fade, Seguran\u00e7a e Meio Ambiente).<\/p><p><b>SUSTENTABILIDADE<\/b><\/p><p>Nossos Princ\u00edpios e Valores s\u00e3o baseados na condu\u00e7\u00e3o transparente de nossas atividades e neg\u00f3cios, de maneira sustent\u00e1vel e consistente, com foco no atendimento aos requisitos dos clientes, requisitos legais e outros requisitos nacionais e internacionais aplic\u00e1veis \u00e0s nossas atividades, com uma cultura corporativa centrada no esp\u00edrito de simbolizar valores, comportamentos e cren\u00e7as.<\/p><p><b>PRINC\u00cdPIOS<\/b><\/p><p>Confian\u00e7a nas pessoas e em sua capacidade e desejo de evoluir; Conduta \u00e9tica, \u00edntegra e transparente; Autodesenvolvimento das pessoas, especialmente na qualifica\u00e7\u00e3o pelo e para o trabalho, resultando no desenvolvimento da empresa; Desempenho descentralizado baseado na delega\u00e7\u00e3o plena e planejada para que os colaboradores atuem, com liberdade e responsabilidade, em suas tarefas; Inova\u00e7\u00e3o produtiva e relevante para o bem comum; Reconhecimento de m\u00e9rito; Lideran\u00e7a pelo exemplo; Satisfa\u00e7\u00e3o do cliente.<\/p><p><b>VALORES<\/b><\/p><p>Seguran\u00e7a das pessoas acima de tudo; Transpar\u00eancia; Disciplina; Empreendedorismo; Inova\u00e7\u00e3o; Excel\u00eancia com simplicidade; Integridade com todos os p\u00fablicos.<\/p><p><b>MISS\u00c3O<\/b><\/p><p>Participar ativamente da transi\u00e7\u00e3o energ\u00e9tica para a descarboniza\u00e7\u00e3o, de combust\u00edveis de baixo carbono para combust\u00edveis e sistemas de armazenamento de energia sustent\u00e1veis. Desenvolver embarca\u00e7\u00f5es e equipamentos otimizados para gest\u00e3o de energia.<\/p><p>Fornecer padr\u00f5es de trabalho, procedimentos, ferramentas e t\u00e9cnicas de alta qualidade e custo-benef\u00edcio para atender a todos os requisitos regulat\u00f3rios, comunit\u00e1rios e dos clientes.<\/p><p><b>VIS\u00c3O<\/b><\/p><p>Ser reconhecido pela sociedade como um contribuinte na transi\u00e7\u00e3o energ\u00e9tica para a energia sustent\u00e1vel e pelo nosso compromisso com a igualdade humana, a diversifica\u00e7\u00e3o e a inclus\u00e3o.<\/p><p><b>RESPONSABILIDADE SOCIAL<\/b><\/p><p>Incorporar compromissos sociais, de sa\u00fade, seguran\u00e7a e ambientais sustent\u00e1veis em todas as estrat\u00e9gias corporativas, neg\u00f3cios realizados e comunidades onde atuamos.<\/p>\t\t\t\t\t\t\t\t<\/div>\n\t\t\t\t<\/div>\n\t\t\t\t<div class=\"elementor-element elementor-element-2ef7b0ac elementor-widget elementor-widget-heading\" data-id=\"2ef7b0ac\" data-element_type=\"widget\" data-widget_type=\"heading.default\">\n\t\t\t\t<div class=\"elementor-widget-container\">\n\t\t\t\t\t<h6 class=\"elementor-heading-title elementor-size-default\">\u00a9 Copyright 2026 \u2502Todos os direitos reservados.<\/h6>\t\t\t\t<\/div>\n\t\t\t\t<\/div>\n\t\t\t\t\t<\/div>\n\t\t\t\t<\/div>\n\t\t\t\t\t<\/div>\n\t\t\t\t<\/div>\n\t\t<div class=\"elementor-element elementor-element-1c61dc3e e-flex e-con-boxed e-con e-parent\" data-id=\"1c61dc3e\" data-element_type=\"container\" data-settings=\"{&quot;jet_parallax_layout_list&quot;:[]}\">\n\t\t\t\t\t<div class=\"e-con-inner\">\n\t\t\t\t\t<\/div>\n\t\t\t\t<\/div>\n\t\t\t\t<\/div>\n\t\t","protected":false},"excerpt":{"rendered":"<p>A PETRODIN possui uma longa trajet\u00f3ria em servi\u00e7os de petr\u00f3leo e g\u00e1s offshore em todo o mundo desde 1990, quando a Petrodin foi registrada no Brasil, seguida em 2023 com o estabelecimento de uma nova entidade Petrodin na Nam\u00edbia. Nossas atividades offshore visam reduzir as emiss\u00f5es nocivas e, em \u00faltima inst\u00e2ncia, elimin\u00e1-las no ambiente marinho [&hellip;]<\/p>\n","protected":false},"author":30,"featured_media":0,"parent":0,"menu_order":0,"comment_status":"closed","ping_status":"closed","template":"elementor_canvas","meta":{"footnotes":""},"class_list":["post-450","page","type-page","status-publish","hentry"],"aioseo_notices":[],"_links":{"self":[{"href":"https:\/\/petrodin.com\/pt-br\/wp-json\/wp\/v2\/pages\/450","targetHints":{"allow":["GET"]}}],"collection":[{"href":"https:\/\/petrodin.com\/pt-br\/wp-json\/wp\/v2\/pages"}],"about":[{"href":"https:\/\/petrodin.com\/pt-br\/wp-json\/wp\/v2\/types\/page"}],"author":[{"embeddable":true,"href":"https:\/\/petrodin.com\/pt-br\/wp-json\/wp\/v2\/users\/30"}],"replies":[{"embeddable":true,"href":"https:\/\/petrodin.com\/pt-br\/wp-json\/wp\/v2\/comments?post=450"}],"version-history":[{"count":27,"href":"https:\/\/petrodin.com\/pt-br\/wp-json\/wp\/v2\/pages\/450\/revisions"}],"predecessor-version":[{"id":5124,"href":"https:\/\/petrodin.com\/pt-br\/wp-json\/wp\/v2\/pages\/450\/revisions\/5124"}],"wp:attachment":[{"href":"https:\/\/petrodin.com\/pt-br\/wp-json\/wp\/v2\/media?parent=450"}],"curies":[{"name":"wp","href":"https:\/\/api.w.org\/{rel}","templated":true}]}}